{"id":630,"date":"2016-12-08T09:34:00","date_gmt":"2016-12-08T08:34:00","guid":{"rendered":"https:\/\/mspaquarius.pl\/?page_id=630"},"modified":"2018-11-11T21:35:07","modified_gmt":"2018-11-11T20:35:07","slug":"zawody-2","status":"publish","type":"page","link":"https:\/\/mspaquarius.pl\/?page_id=630","title":{"rendered":"Zawody"},"content":{"rendered":"<table border=\"0\" width=\"100%\" cellspacing=\"0\" cellpadding=\"0\">\n<tbody>\n<tr>\n<td>Miedzynarodowe zawody p\u0142ywackie z okazji 100-lecia Odzyskania przez Polsk\u0119 Niepodleg\u0142o\u015bci oraz 40-lecia istnienia ZSOMS Krak\u00f3w<\/td>\n<td align=\"right\">Kr\u00f3tki basen (25m)<\/td>\n<\/tr>\n<tr>\n<td>Krak\u00f3w, 10. &#8211; 11.11.2018<\/td>\n<\/tr>\n<\/tbody>\n<\/table>\n<div><strong>http:\/\/live.megatiming.pl\/brus\/2018\/11_11_krakow\/index.html<\/strong><\/div>\n<div>M\u0119\u017cczyzn, 50m klasyczny 16 lat i starsi<\/div>\n<div><strong>4.BAZYL Kamil<\/strong> 00 MSP Aquarius My\u015blenice<\/div>\n<div>czas 31.20\u00a0 530pkt<\/div>\n<div>\n<div>M\u0119\u017cczyzn, 100m klasyczny<\/div>\n<div>\n<div><strong>3.<\/strong>BAZYL Kamil 00 MSP Aquarius My\u015blenice czas s1:07.75 553 pkt\u00a0\u00a0 31.92 35.83<\/div>\n<div><\/div>\n<div><\/div>\n<\/div>\n<\/div>\n<p>&nbsp;<\/p>\n<p>&nbsp;<\/p>\n<p>&nbsp;<\/p>\n<p>&nbsp;<\/p>\n<p>&nbsp;<\/p>\n<p>&nbsp;<\/p>\n<p>&nbsp;<\/p>\n<p>&nbsp;<\/p>\n<p>&nbsp;<\/p>\n<p>&nbsp;<\/p>\n<p>&nbsp;<\/p>\n<p><strong>I ZAWODY O PUCHAR PREZESA MSP AQUARIUS MY\u015aLENICE \u00a004.12.2016<\/strong><\/p>\n<p>&nbsp;<\/p>\n<p>Ju\u017c po raz drugi mogli nasi zawodnicy spr\u00f3bowa\u0107 swoich si\u0142 na niecce basenowej w My\u015blenicach. Wystartowa\u0142o 153 zawodnik\u00f3w z wojew\u00f3dztwa ma\u0142opolskiego i \u015bl\u0105skiego.Startowali dzieci i m\u0142odzie\u017c gimnazjalna w 13 konkureciach . Na ko\u0144cu odby\u0142y si\u0119 sztafety 8x 25m dowolnym,gdzie nasz klub wygra\u0142 statuetk\u0119 \u00a0za 1 .\u00a0miejsce i w kwalifikacji dru\u017cynowej nasz \u00a0klub \u00a0otrzyma\u0142 puchar za 1 miejsce\u00a0w kwalifikacji dru\u017cynowej . W sumie zdobyli 12 z\u0142otych ,8 srebrnych i 8 br\u0105zowych medali.<\/p>\n<p>Serdecznie gratulujemy.<\/p>\n<p>WYNIKI M\u0141ODSZEJ GRUPY ZAWODNICZEJ \u00a0,<\/p>\n<p>TRENER MGR. BO\u017bENA KORZEC- GUNIA<\/p>\n<table border=\"1\" width=\"643\" cellspacing=\"0\" cellpadding=\"5\">\n<colgroup>\n<col width=\"260\" \/>\n<col width=\"103\" \/>\n<col width=\"130\" \/>\n<col width=\"108\" \/> <\/colgroup>\n<tbody>\n<tr>\n<td width=\"260\" height=\"12\">\n<p align=\"CENTER\">IMI\u0118 INAZWISKO<\/p>\n<\/td>\n<td width=\"103\">\n<p align=\"CENTER\"><span style=\"font-size: medium;\">MIEJSCE<\/span><\/p>\n<\/td>\n<td width=\"130\">\n<p align=\"CENTER\">STYL<\/p>\n<\/td>\n<td width=\"108\">\n<p align=\"CENTER\">CZAS<\/p>\n<\/td>\n<\/tr>\n<tr>\n<td rowspan=\"2\" width=\"260\" height=\"14\">\n<p align=\"CENTER\"><span style=\"color: #ff0000;\">NIECHAJEWICZ MARTYNA <\/span><\/p>\n<\/td>\n<td width=\"103\">\n<p align=\"CENTER\"><span style=\"color: #ff0000;\"><span style=\"font-size: medium;\">2<\/span><\/span><\/p>\n<\/td>\n<td width=\"130\">\n<p align=\"CENTER\"><span style=\"color: #ff0000;\">DOWOLNY<\/span><\/p>\n<\/td>\n<td width=\"108\">\n<p align=\"CENTER\"><span style=\"color: #ff0000;\">24,10<\/span><\/p>\n<\/td>\n<\/tr>\n<tr>\n<td width=\"103\">\n<p align=\"CENTER\"><span style=\"color: #ff0000;\"><span style=\"font-size: medium;\">3<\/span><\/span><\/p>\n<\/td>\n<td width=\"130\">\n<p align=\"CENTER\"><span style=\"color: #ff0000;\">GRZBIET<\/span><\/p>\n<\/td>\n<td width=\"108\">\n<p align=\"CENTER\"><span style=\"color: #ff0000;\">27,09<\/span><\/p>\n<\/td>\n<\/tr>\n<tr>\n<td rowspan=\"2\" width=\"260\" height=\"15\">\n<p align=\"CENTER\">RUMAN KORNELIA<\/p>\n<\/td>\n<td width=\"103\">\n<p align=\"CENTER\"><span style=\"font-size: medium;\">9<\/span><\/p>\n<\/td>\n<td width=\"130\">\n<p align=\"CENTER\">DOWOLNY<\/p>\n<\/td>\n<td width=\"108\">\n<p align=\"CENTER\">28,91<\/p>\n<\/td>\n<\/tr>\n<tr>\n<td width=\"103\">\n<p align=\"CENTER\"><span style=\"font-size: medium;\">5<\/span><\/p>\n<\/td>\n<td width=\"130\">\n<p align=\"CENTER\">GRZEBIET<\/p>\n<\/td>\n<td width=\"108\">\n<p align=\"CENTER\">28,75<\/p>\n<\/td>\n<\/tr>\n<tr>\n<td rowspan=\"2\" width=\"260\" height=\"24\">\n<p align=\"CENTER\">FIJA\u0141KOWSKI THREY<\/p>\n<\/td>\n<td width=\"103\">\n<p align=\"CENTER\"><span style=\"font-size: medium;\">12<\/span><\/p>\n<\/td>\n<td width=\"130\">\n<p align=\"CENTER\">DOWOLNY<\/p>\n<\/td>\n<td width=\"108\">\n<p align=\"CENTER\">24,59<\/p>\n<\/td>\n<\/tr>\n<tr>\n<td width=\"103\">\n<p align=\"CENTER\"><span style=\"font-size: medium;\">5<\/span><\/p>\n<\/td>\n<td width=\"130\">\n<p align=\"CENTER\">GRZBIET<\/p>\n<\/td>\n<td width=\"108\">\n<p align=\"CENTER\">25,18<\/p>\n<\/td>\n<\/tr>\n<tr>\n<td rowspan=\"2\" width=\"260\" height=\"10\">\n<p align=\"CENTER\">SZATAN MACIEJ<\/p>\n<\/td>\n<td width=\"103\">\n<p align=\"CENTER\"><span style=\"font-size: medium;\">6<\/span><\/p>\n<\/td>\n<td width=\"130\">\n<p align=\"CENTER\">DOWOLNY<\/p>\n<\/td>\n<td width=\"108\">\n<p align=\"CENTER\">25,43<\/p>\n<\/td>\n<\/tr>\n<tr>\n<td width=\"103\">\n<p align=\"CENTER\"><span style=\"font-size: medium;\">5<\/span><\/p>\n<\/td>\n<td width=\"130\">\n<p align=\"CENTER\">GRZBIET<\/p>\n<\/td>\n<td width=\"108\">\n<p align=\"CENTER\">27,34<\/p>\n<\/td>\n<\/tr>\n<tr>\n<td rowspan=\"2\" width=\"260\" height=\"10\">\n<p align=\"CENTER\"><span style=\"color: #ff0000;\">STOCH MA\u0141GORZATA<\/span><\/p>\n<\/td>\n<td width=\"103\">\n<p align=\"CENTER\"><span style=\"color: #ff0000;\"><span style=\"font-size: medium;\">1<\/span><\/span><\/p>\n<\/td>\n<td width=\"130\">\n<p align=\"CENTER\"><span style=\"color: #ff0000;\">KLASYK<\/span><\/p>\n<\/td>\n<td width=\"108\">\n<p align=\"CENTER\"><span style=\"color: #ff0000;\">24,10<\/span><\/p>\n<\/td>\n<\/tr>\n<tr>\n<td width=\"103\">\n<p align=\"CENTER\"><span style=\"font-size: medium;\">4<\/span><\/p>\n<\/td>\n<td width=\"130\">\n<p align=\"CENTER\">DOWOLNY<\/p>\n<\/td>\n<td width=\"108\">\n<p align=\"CENTER\">20,28<\/p>\n<\/td>\n<\/tr>\n<tr>\n<td rowspan=\"3\" width=\"260\" height=\"10\">\n<p align=\"CENTER\"><span style=\"color: #ff0000;\">BIELA JAGODA<\/span><\/p>\n<\/td>\n<td width=\"103\">\n<p align=\"CENTER\"><span style=\"font-size: medium;\">4<\/span><\/p>\n<\/td>\n<td width=\"130\">\n<p align=\"CENTER\">DOWOLNY 50m<\/p>\n<\/td>\n<td width=\"108\">\n<p align=\"CENTER\">42,82<\/p>\n<\/td>\n<\/tr>\n<tr>\n<td width=\"103\">\n<p align=\"CENTER\"><span style=\"color: #ff0000;\"><span style=\"font-size: medium;\">2<\/span><\/span><\/p>\n<\/td>\n<td width=\"130\">\n<p align=\"CENTER\"><span style=\"color: #ff0000;\">GRZBIET<\/span><\/p>\n<\/td>\n<td width=\"108\">\n<p align=\"CENTER\"><span style=\"color: #ff0000;\">54,72<\/span><\/p>\n<\/td>\n<\/tr>\n<tr>\n<td width=\"103\">\n<p align=\"CENTER\"><span style=\"font-size: medium;\">8<\/span><\/p>\n<\/td>\n<td width=\"130\">\n<p align=\"CENTER\">GRZBIET<\/p>\n<\/td>\n<td width=\"108\">\n<p align=\"CENTER\">57,63<\/p>\n<\/td>\n<\/tr>\n<tr>\n<td rowspan=\"2\" width=\"260\" height=\"9\">\n<p align=\"CENTER\"><span style=\"color: #ff0000;\">PODMOK\u0141Y JAKUB<\/span><\/p>\n<\/td>\n<td width=\"103\">\n<p align=\"CENTER\"><span style=\"color: #ff0000;\"><span style=\"font-size: medium;\">2<\/span><\/span><\/p>\n<\/td>\n<td width=\"130\">\n<p align=\"CENTER\"><span style=\"color: #ff0000;\">KLASYK<\/span><\/p>\n<\/td>\n<td width=\"108\">\n<p align=\"CENTER\"><span style=\"color: #ff0000;\">57,06<\/span><\/p>\n<\/td>\n<\/tr>\n<tr>\n<td width=\"103\">\n<p align=\"CENTER\"><span style=\"font-size: medium;\">5<\/span><\/p>\n<\/td>\n<td width=\"130\">\n<p align=\"CENTER\">GRZBIET<\/p>\n<\/td>\n<td width=\"108\">\n<p align=\"CENTER\">47,28<\/p>\n<\/td>\n<\/tr>\n<\/tbody>\n<\/table>\n<p><a href=\"https:\/\/mspaquarius.pl\/wp-content\/uploads\/2016\/12\/zawody-O-puchar-prezesa.jpg\"><img loading=\"lazy\" decoding=\"async\" class=\"alignleft size-medium wp-image-631\" src=\"https:\/\/mspaquarius.pl\/wp-content\/uploads\/2016\/12\/zawody-O-puchar-prezesa-300x159.jpg\" alt=\"zawody-o-puchar-prezesa\" width=\"300\" height=\"159\" srcset=\"https:\/\/mspaquarius.pl\/wp-content\/uploads\/2016\/12\/zawody-O-puchar-prezesa-300x159.jpg 300w, https:\/\/mspaquarius.pl\/wp-content\/uploads\/2016\/12\/zawody-O-puchar-prezesa-1024x543.jpg 1024w, https:\/\/mspaquarius.pl\/wp-content\/uploads\/2016\/12\/zawody-O-puchar-prezesa-500x265.jpg 500w, https:\/\/mspaquarius.pl\/wp-content\/uploads\/2016\/12\/zawody-O-puchar-prezesa.jpg 1469w\" sizes=\"auto, (max-width: 300px) 100vw, 300px\" \/><\/a><\/p>\n","protected":false},"excerpt":{"rendered":"<p>Miedzynarodowe zawody p\u0142ywackie z okazji 100-lecia Odzyskania przez Polsk\u0119 Niepodleg\u0142o\u015bci oraz 40-lecia istnienia ZSOMS Krak\u00f3w Kr\u00f3tki basen (25m) Krak\u00f3w, 10. &#8211; 11.11.2018 http:\/\/live.megatiming.pl\/brus\/2018\/11_11_krakow\/index.html M\u0119\u017cczyzn, 50m klasyczny 16 lat i starsi 4.BAZYL Kamil 00 MSP Aquarius My\u015blenice czas 31.20\u00a0 530pkt M\u0119\u017cczyzn, &hellip; <a href=\"https:\/\/mspaquarius.pl\/?page_id=630\">Czytaj dalej <span class=\"meta-nav\">&rarr;<\/span><\/a><\/p>\n","protected":false},"author":3,"featured_media":0,"parent":0,"menu_order":0,"comment_status":"closed","ping_status":"closed","template":"","meta":{"footnotes":""},"class_list":["post-630","page","type-page","status-publish","hentry"],"_links":{"self":[{"href":"https:\/\/mspaquarius.pl\/index.php?rest_route=\/wp\/v2\/pages\/630","targetHints":{"allow":["GET"]}}],"collection":[{"href":"https:\/\/mspaquarius.pl\/index.php?rest_route=\/wp\/v2\/pages"}],"about":[{"href":"https:\/\/mspaquarius.pl\/index.php?rest_route=\/wp\/v2\/types\/page"}],"author":[{"embeddable":true,"href":"https:\/\/mspaquarius.pl\/index.php?rest_route=\/wp\/v2\/users\/3"}],"replies":[{"embeddable":true,"href":"https:\/\/mspaquarius.pl\/index.php?rest_route=%2Fwp%2Fv2%2Fcomments&post=630"}],"version-history":[{"count":7,"href":"https:\/\/mspaquarius.pl\/index.php?rest_route=\/wp\/v2\/pages\/630\/revisions"}],"predecessor-version":[{"id":1274,"href":"https:\/\/mspaquarius.pl\/index.php?rest_route=\/wp\/v2\/pages\/630\/revisions\/1274"}],"wp:attachment":[{"href":"https:\/\/mspaquarius.pl\/index.php?rest_route=%2Fwp%2Fv2%2Fmedia&parent=630"}],"curies":[{"name":"wp","href":"https:\/\/api.w.org\/{rel}","templated":true}]}}