{"id":420,"date":"2015-12-13T10:36:23","date_gmt":"2015-12-13T09:36:23","guid":{"rendered":"https:\/\/mspaquarius.pl\/?page_id=420"},"modified":"2018-05-26T11:52:51","modified_gmt":"2018-05-26T09:52:51","slug":"zawody","status":"publish","type":"page","link":"https:\/\/mspaquarius.pl\/?page_id=420","title":{"rendered":"Polityka Prywatno\u015bci"},"content":{"rendered":"<div class=\"container\">\n<article id=\"post-3021\" class=\"post-3021 page type-page status-publish hentry\">\n<div class=\"entry-content entry-content_standard\">\n<p>Niniejsza polityka prywatno\u015bci i plik\u00f3w cookies opisuje zasady post\u0119powania z danymi osobowymi oraz wykorzystywania plik\u00f3w cookies i innych technologii w ramach strony internetowej https:\/\/mspaquarius.pl<\/p>\n<p>Administratorem strony jest My\u015blenickie Stowarzyszenie P\u0142ywackie Aquarius ,\u00a0ul. Ogrodowa 19, 32-400 My\u015blenice, NIP6811823342<\/p>\n<p>Kontakt z administratorem mo\u017cliwy pod adresem e-mail: mspaquarius@gmail.com<\/p>\n<p><strong>\u00a7 1<br \/>\n<\/strong><strong>Definicje<\/strong><\/p>\n<p>Na potrzeby niniejszej polityki prywatno\u015bci, przyjmuje si\u0119 nast\u0119puj\u0105ce znaczenie poni\u017cszych poj\u0119\u0107:<\/p>\n<ol>\n<li>Administrator \u2013 My\u015blenickie Stowarzyszenie P\u0142ywackie Aquarius ,\u00a0ul. Ogrodowa 19, 32-400 My\u015blenice, NIP 6811823342<\/li>\n<li>Strona \u2013 strona internetowa dost\u0119pna pod adresem http:\/\/mspaquarius.pl<\/li>\n<li>U\u017cytkownik \u2013 ka\u017cdy podmiot, kt\u00f3ry korzysta ze Strony.<\/li>\n<\/ol>\n<p><strong>\u00a7 2<\/strong><br \/>\n<strong>Dane osobowe<\/strong><\/p>\n<ol>\n<li>Administratorem danych osobowych U\u017cytkownika jest Administrator.<\/li>\n<li>Administrator gwarantuje poufno\u015b\u0107 wszelkich przekazanych mu danych osobowych.<\/li>\n<li>Administrator nie udost\u0119pnia przekazanych mu danych jakimkolwiek podmiotom trzecim.<\/li>\n<li>Dane osobowe s\u0105 gromadzone z nale\u017cyt\u0105 staranno\u015bci\u0105 i odpowiednio chronione przed dost\u0119pem do nich przez osoby do tego nieupowa\u017cnione.<\/li>\n<li>U\u017cytkownikowi przys\u0142uguj\u0105 nast\u0119puj\u0105ce uprawnienia:\n<ul>\n<li>prawo do \u017c\u0105dania dost\u0119pu do swoich danych, ich sprostowania, usuni\u0119cia lub ograniczenia przetwarzania,<\/li>\n<li>prawo do wniesienia sprzeciwu wobec przetwarzania,<\/li>\n<li>prawo do przenoszenia danych,<\/li>\n<li>prawo do cofni\u0119cia zgody na przetwarzanie danych osobowych w okre\u015blonym celu, je\u017celi U\u017cytkownik uprzednio tak\u0105 zgod\u0119 wyrazi\u0142,<\/li>\n<li>prawo do wniesienia skargi do organu nadzorczego w zwi\u0105zku z przetwarzaniem danych osobowych przez Administratora<\/li>\n<\/ul>\n<\/li>\n<\/ol>\n<p><strong>\u00a7 3<br \/>\n<\/strong><strong>Pliki cookies<\/strong><\/p>\n<ol>\n<li>Administrator wykorzystuje pliki cookies (ciasteczka), czyli niewielkie informacje tekstowe, przechowywane na urz\u0105dzeniu ko\u0144cowym U\u017cytkownika (np. komputerze, tablecie, smartfonie). Cookies mog\u0105 by\u0107 odczytywane przez system teleinformatyczny Administratora.<\/li>\n<li>Administrator przechowuje pliki cookies na urz\u0105dzeniu ko\u0144cowym U\u017cytkownika, a nast\u0119pnie uzyskuje dost\u0119p do informacji w nich zawartych w celach statystycznych, w celach marketingowych (remarketing) oraz w celu zapewnienia prawid\u0142owego dzia\u0142ania Strony.<\/li>\n<li>Administrator informuje niniejszym U\u017cytkownika, \u017ce istnieje mo\u017cliwo\u015b\u0107 takiej konfiguracji przegl\u0105darki internetowej, kt\u00f3ra uniemo\u017cliwia przechowywanie plik\u00f3w cookies na urz\u0105dzeniu ko\u0144cowym U\u017cytkownika. W takiej sytuacji, korzystanie ze Strony przez U\u017cytkownika mo\u017ce by\u0107 utrudnione.<\/li>\n<li>Administrator wskazuje niniejszym, \u017ce pliki cookies mog\u0105 by\u0107 przez U\u017cytkownika usuni\u0119te po ich zapisaniu przez Administratora, poprzez odpowiednie funkcje przegl\u0105darki internetowej, programy s\u0142u\u017c\u0105ce w tym celu lub skorzystanie z odpowiednich narz\u0119dzi dost\u0119pnych w ramach systemu operacyjnego, z kt\u00f3rego korzysta U\u017cytkownik.<\/li>\n<\/ol>\n<p><strong>\u00a74<\/strong><br \/>\n<strong>Logi serwera<\/strong><\/p>\n<ol>\n<li>Korzystanie ze Strony wi\u0105\u017ce si\u0119 z przesy\u0142aniem zapyta\u0144 do serwera, na kt\u00f3rym przechowywana jest Strona.<\/li>\n<li>Ka\u017cde zapytanie skierowane do serwera zapisywane jest w logach serwera. Logi obejmuj\u0105 m.in. adres IP U\u017cytkownika, dat\u0119 i czas serwera, informacje o przegl\u0105darce internetowej i systemie operacyjnym, z jakiego korzysta U\u017cytkownik.<\/li>\n<li>Logi zapisywane i przechowywane s\u0105 na serwerze.<\/li>\n<li>Dane zapisane w logach serwera nie s\u0105 kojarzone z konkretnymi osobami korzystaj\u0105cymi ze Strony i nie s\u0105 wykorzystywane przez Administratora w celu identyfikacji U\u017cytkownika.<\/li>\n<li>Logi serwera stanowi\u0105 wy\u0142\u0105cznie materia\u0142 pomocniczy s\u0142u\u017c\u0105cy do administrowania Stron\u0105, a ich zawarto\u015b\u0107 nie jest ujawniana nikomu poza osobami upowa\u017cnionymi do administrowania serwerem.<\/li>\n<\/ol>\n<\/div>\n<\/article>\n<\/div>\n<h3 class=\"title\"><\/h3>\n<div class=\"middle_item\"><\/div>\n","protected":false},"excerpt":{"rendered":"<p>Niniejsza polityka prywatno\u015bci i plik\u00f3w cookies opisuje zasady post\u0119powania z danymi osobowymi oraz wykorzystywania plik\u00f3w cookies i innych technologii w ramach strony internetowej https:\/\/mspaquarius.pl Administratorem strony jest My\u015blenickie Stowarzyszenie P\u0142ywackie Aquarius ,\u00a0ul. Ogrodowa 19, 32-400 My\u015blenice, NIP6811823342 Kontakt z administratorem &hellip; <a href=\"https:\/\/mspaquarius.pl\/?page_id=420\">Czytaj dalej <span class=\"meta-nav\">&rarr;<\/span><\/a><\/p>\n","protected":false},"author":3,"featured_media":0,"parent":0,"menu_order":0,"comment_status":"closed","ping_status":"closed","template":"","meta":{"footnotes":""},"class_list":["post-420","page","type-page","status-publish","hentry"],"_links":{"self":[{"href":"https:\/\/mspaquarius.pl\/index.php?rest_route=\/wp\/v2\/pages\/420","targetHints":{"allow":["GET"]}}],"collection":[{"href":"https:\/\/mspaquarius.pl\/index.php?rest_route=\/wp\/v2\/pages"}],"about":[{"href":"https:\/\/mspaquarius.pl\/index.php?rest_route=\/wp\/v2\/types\/page"}],"author":[{"embeddable":true,"href":"https:\/\/mspaquarius.pl\/index.php?rest_route=\/wp\/v2\/users\/3"}],"replies":[{"embeddable":true,"href":"https:\/\/mspaquarius.pl\/index.php?rest_route=%2Fwp%2Fv2%2Fcomments&post=420"}],"version-history":[{"count":15,"href":"https:\/\/mspaquarius.pl\/index.php?rest_route=\/wp\/v2\/pages\/420\/revisions"}],"predecessor-version":[{"id":1155,"href":"https:\/\/mspaquarius.pl\/index.php?rest_route=\/wp\/v2\/pages\/420\/revisions\/1155"}],"wp:attachment":[{"href":"https:\/\/mspaquarius.pl\/index.php?rest_route=%2Fwp%2Fv2%2Fmedia&parent=420"}],"curies":[{"name":"wp","href":"https:\/\/api.w.org\/{rel}","templated":true}]}}