{"id":305,"date":"2015-12-04T08:28:21","date_gmt":"2015-12-04T07:28:21","guid":{"rendered":"https:\/\/mspaquarius.pl\/?page_id=305"},"modified":"2017-09-07T11:44:15","modified_gmt":"2017-09-07T09:44:15","slug":"strefa-rodzica","status":"publish","type":"page","link":"https:\/\/mspaquarius.pl\/?page_id=305","title":{"rendered":"Strefa Rodzica"},"content":{"rendered":"<h1 align=\"center\">Regulamin korzystania z zaj\u0119\u0107 w MSP AQUARIUS&#8221;<\/h1>\n<h2>\u00a0 \u00a7 PRZED LEKCJ\u0104<\/h2>\n<p>Prosimy wszystkich p\u0142ywak\u00f3w o przychodzenie na zaj\u0119cia 10 min wcze\u015bniej, aby mie\u0107 czas na przygotowanie si\u0119 do zaj\u0119\u0107 tzn.:<\/p>\n<p>&#8211;\u00a0\u00a0\u00a0\u00a0\u00a0\u00a0 zdj\u0119cie odzie\u017cy wierzchniej,<\/p>\n<p>&#8211;\u00a0\u00a0\u00a0\u00a0\u00a0\u00a0 ubranie klapek,<\/p>\n<p>&#8211;\u00a0\u00a0\u00a0\u00a0\u00a0\u00a0 wej\u015bcie na basen.<\/p>\n<p><strong>\u00a7W PRZEBIERALNI<\/strong><\/p>\n<p>Ma\u0142e dzieci \u00a0udaj\u0105 si\u0119 do przebieralni z rodzicami, nast\u0119pnie przygotowuj\u0105 si\u0119 do zaj\u0119\u0107 przebieraj\u0105c si\u0119 w str\u00f3j k\u0105pielowy i czepek, a tu\u017c przed wej\u015bciem na teren p\u0142ywalni myj\u0105 si\u0119 pod prysznicem.<\/p>\n<p><strong>\u00a7 BEZPIECZE\u0143STWO<\/strong><\/p>\n<p>Korzystanie z wszelkich urz\u0105dze\u0144 na terenie p\u0142ywalni musi by\u0107 zgodnie z ich przeznaczeniem, a ponadto kategorycznie zabrania si\u0119 :<\/p>\n<p>&#8211;\u00a0\u00a0\u00a0\u00a0\u00a0\u00a0 wchodzenia do wody bez pozwolenia instruktora,<\/p>\n<p>&#8211;\u00a0\u00a0\u00a0\u00a0\u00a0\u00a0 biegania po \u015bliskich, mokrych powierzchniach,<\/p>\n<p>&#8211;\u00a0\u00a0\u00a0\u00a0\u00a0\u00a0 niezorganizowanych skok\u00f3w do wody,<\/p>\n<p>&#8211;\u00a0\u00a0\u00a0\u00a0\u00a0\u00a0 zabaw z wpychaniem si\u0119 do wody.<\/p>\n<h2>\u00a7 SEMESTR<\/h2>\n<p>Zaj\u0119cia trwaj\u0105 ca\u0142y rok szkolny ,I semestr Od wrze\u015bnia do stycznia. II semestr od lutego \u00a0do ko\u0144ca czerwca.<\/p>\n<h2>\u00a7 CZAS<\/h2>\n<p>Lekcja p\u0142ywania trwa 45 min zaczynaj\u0105c si\u0119 i ko\u0144cz\u0105c zbi\u00f3rk\u0105 ca\u0142ej grupy. Pozosta\u0142e czynno\u015bci wykonywane s\u0105 przed lub po\u00a0 zaj\u0119ciach.<\/p>\n<h2>\u00a7 WP\u0141ATY<\/h2>\n<p>Wp\u0142at\u0119 za semestr \u00a0nale\u017cy ui\u015bci\u0107 do 11-tego \u00a0 wrze\u015bnia w biurze sekcji lub przelewem na konto bankowe, Op\u0142ata za II semestr do 20.\u00a0stycznia.<\/p>\n<h2>\u00a7 UMIEJ\u0118TNO\u015aCI<\/h2>\n<p>Szk\u00f3\u0142ka P\u0142ywacka zobowi\u0105zuje si\u0119 podnosi\u0107 poziom umiej\u0119tno\u015bci i sprawno\u015bci swoich uczni\u00f3w, bior\u0105c pod uwag\u0119 umiej\u0119tno\u015bci pocz\u0105tkowe dziecka, oraz jego frekwencj\u0119.<\/p>\n<p>&nbsp;<\/p>\n<h1>Drodzy rodzice!<\/h1>\n<p>D\u0142ugotrwa\u0142e przebywanie dzieci w pozycji siedz\u0105cej w \u0142awce szkolnej, przed telewizorem lub komputerem mo\u017ce sta\u0107 si\u0119 przyczyn\u0105, kt\u00f3ra prowadzi do powstania wad postawy &#8211; jednego z wa\u017cniejszych problem\u00f3w w procesie wychowania dzieci i m\u0142odzie\u017cy. Aby zapewni\u0107 harmonijny rozw\u00f3j Pa\u0144stwa dzieciom w dzia\u0142aniach profilaktyczno-korekcyjnych kierujemy si\u0119 podkre\u015blanym przez wielu przedstawicieli nauk medycznych korzystnym wp\u0142ywem \u015brodowiska wodnego. Nasza praktyka i badania nad efektywno\u015bci\u0105 procesu nauczania p\u0142ywania pozwoli\u0142y, na stworzenie nowego wielopoziomowego systemu nauczania. Ponadto nieliczne grupy umo\u017cliwiaj\u0105 nam znaczn\u0105 indywidualizacj\u0119 procesu nauczania, a wszystkie osoby prowadz\u0105ce zaj\u0119cia posiadaj\u0105 przygotowanie pedagogiczne do pracy z dzie\u0107mi oraz s\u0105 fachowcami w swojej dziedzinie. Chcieliby\u015bmy zaznaczy\u0107, \u017ce zaj\u0119cia w\u00a0 MSP Aquarius nie s\u0105 specjalistycznym treningiem wyczynowym, lecz aktywn\u0105 form\u0105 wypoczynku pozalekcyjnego, podczas kt\u00f3rego z u\u015bmiechem na twarzy mo\u017cna si\u0119 zm\u0119czy\u0107, a jednocze\u015bnie wiele nauczy\u0107.<\/p>\n<p>&nbsp;<\/p>\n<p>&nbsp;<\/p>\n","protected":false},"excerpt":{"rendered":"<p>Regulamin korzystania z zaj\u0119\u0107 w MSP AQUARIUS&#8221; \u00a0 \u00a7 PRZED LEKCJ\u0104 Prosimy wszystkich p\u0142ywak\u00f3w o przychodzenie na zaj\u0119cia 10 min wcze\u015bniej, aby mie\u0107 czas na przygotowanie si\u0119 do zaj\u0119\u0107 tzn.: &#8211;\u00a0\u00a0\u00a0\u00a0\u00a0\u00a0 zdj\u0119cie odzie\u017cy wierzchniej, &#8211;\u00a0\u00a0\u00a0\u00a0\u00a0\u00a0 ubranie klapek, &#8211;\u00a0\u00a0\u00a0\u00a0\u00a0\u00a0 wej\u015bcie na &hellip; <a href=\"https:\/\/mspaquarius.pl\/?page_id=305\">Czytaj dalej <span class=\"meta-nav\">&rarr;<\/span><\/a><\/p>\n","protected":false},"author":3,"featured_media":0,"parent":0,"menu_order":0,"comment_status":"closed","ping_status":"closed","template":"sidebar-page.php","meta":{"footnotes":""},"class_list":["post-305","page","type-page","status-publish","hentry"],"_links":{"self":[{"href":"https:\/\/mspaquarius.pl\/index.php?rest_route=\/wp\/v2\/pages\/305","targetHints":{"allow":["GET"]}}],"collection":[{"href":"https:\/\/mspaquarius.pl\/index.php?rest_route=\/wp\/v2\/pages"}],"about":[{"href":"https:\/\/mspaquarius.pl\/index.php?rest_route=\/wp\/v2\/types\/page"}],"author":[{"embeddable":true,"href":"https:\/\/mspaquarius.pl\/index.php?rest_route=\/wp\/v2\/users\/3"}],"replies":[{"embeddable":true,"href":"https:\/\/mspaquarius.pl\/index.php?rest_route=%2Fwp%2Fv2%2Fcomments&post=305"}],"version-history":[{"count":12,"href":"https:\/\/mspaquarius.pl\/index.php?rest_route=\/wp\/v2\/pages\/305\/revisions"}],"predecessor-version":[{"id":919,"href":"https:\/\/mspaquarius.pl\/index.php?rest_route=\/wp\/v2\/pages\/305\/revisions\/919"}],"wp:attachment":[{"href":"https:\/\/mspaquarius.pl\/index.php?rest_route=%2Fwp%2Fv2%2Fmedia&parent=305"}],"curies":[{"name":"wp","href":"https:\/\/api.w.org\/{rel}","templated":true}]}}