{"id":2,"date":"2013-12-14T13:03:51","date_gmt":"2013-12-14T12:03:51","guid":{"rendered":"https:\/\/mspaquarius.pl\/msp\/?page_id=2"},"modified":"2016-12-27T16:52:42","modified_gmt":"2016-12-27T15:52:42","slug":"przykladowa-strona","status":"publish","type":"page","link":"https:\/\/mspaquarius.pl\/?page_id=2","title":{"rendered":"Regulamin zaj\u0119\u0107 sportowych"},"content":{"rendered":"<div>\n<p style=\"text-align: left;\"><strong>\u00a0<strong>REGULAMIN SEKCJI P\u0141YWACKIEJ:<\/strong><\/strong><\/p>\n<p><strong>I. Cz\u0142onkostwo sekcji<\/strong><\/p>\n<p>1. Podstawowa umiej\u0119tno\u015b\u0107 p\u0142ywania &#8211; zaliczenie testu sprawno\u015bciowego u trenera.<\/p>\n<p>2. Wype\u0142nienie i podpisanie deklaracji cz\u0142onkowskiej przez opiekun\u00f3w.<\/p>\n<p>3. Posianie aktualnych bada\u0144 od lekarza sportowego.<\/p>\n<p>4. O przyj\u0119ciu do MSP AQUARIUS we wszystkich grupach wiekowych decyduje Zarz\u0105d klubu po pozytywnej opinii trenera poprzedzonej zaj\u0119ciami sprawdzaj\u0105cymi na p\u0142ywalni.<\/p>\n<p>5. W przypadku braku wolnych miejsc nowych zawodnik\u00f3w wpisuje si\u0119 na list\u0119 rezerwow\u0105, sk\u0105d przechodz\u0105 do odpowiedniej grupy treningowej w kolejno\u015bci zg\u0142osze\u0144.<\/p>\n<p><strong>II. Zawodnik sekcji p\u0142ywackiej \u00a0MSP AQUARIUS MY\u015aLENICE zobowi\u0105zany jest do:<\/strong><\/p>\n<p>1. Przestrzegania regulaminu Sekcji P\u0142ywackiej.<\/p>\n<p>2. Systematycznego uczestnictwa w zaj\u0119ciach treningowych.<\/p>\n<p>3. Udzia\u0142u w zawodach wytypowanych przez trener\u00f3w.<\/p>\n<p>4. Bezwzgl\u0119dnego wykonywania polece\u0144 trenera dotycz\u0105cych organizacji zaj\u0119\u0107.<\/p>\n<p>5. Punktualnego stawiania si\u0119 na treningi.<\/p>\n<p>6. Zg\u0142aszania trenerowi przed i w czasie zaj\u0119\u0107 problem\u00f3w zdrowotnych.<\/p>\n<p>7. Kulturalnego i zgodnego z wewn\u0119trznym regulaminem zachowania si\u0119 na terenie p\u0142ywalni.<\/p>\n<p>8. Dbania o sprz\u0119t sportowy.<\/p>\n<p><strong>III. Warunki uczestnictwa w zawodach<\/strong><\/p>\n<p>1. Decyzj\u0119 o zg\u0142oszeniu zawodnika do zawod\u00f3w podejmuje trener prowadz\u0105cy grup\u0119 na podstawie osi\u0105ganych rezultat\u00f3w i uczestnictwa w treningach. Zg\u0142oszenia przyjmuje i wysy\u0142a trener.<\/p>\n<p>2. Zawodnik ma obowi\u0105zek startu w zawodach, do kt\u00f3rych zosta\u0142 zg\u0142oszony.<\/p>\n<p>3. Koszt wyjazdu na zawody i op\u0142aty startowej ponosi zawodnik, r\u00f3wnie\u017c w przypadku nieobecno\u015bci (wyj\u0105tek stanowi zwolnienie lekarskie lub przypadek losowy, o kt\u00f3rym trener zostaje odpowiednio wcze\u015bniej powiadomiony tak, by zd\u0105\u017cy\u0142 wycofa\u0107 zawodnika z list zg\u0142oszeniowych i wyjazdowych).<\/p>\n<p>4. Wyjazd na zawody odbywa si\u0119 razem z grup\u0105 i pod opiek\u0105 trenera prowadz\u0105cego grup\u0119. Odst\u0119pstwem mog\u0105 by\u0107 jedynie przypadki losowe zg\u0142oszone trenerowi.<\/p>\n<p>5. Wszelkie formalno\u015bci zwi\u0105zane z zawodami, w tym op\u0142ata startowa, op\u0142ata za przejazd lub zakwaterowanie zawodnik ma obowi\u0105zek uregulowa\u0107 u Trenera prowadz\u0105cego w wyznaczonym terminie.<\/p>\n<p>6. Zawodnik ma \u00a0reprezentowa\u0107 Klub na zawodach w posiadanym stroju Klubowym (dres lub koszulka).<\/p>\n<p><strong>IV. Dyscyplina<\/strong><\/p>\n<p>1. Niesubordynacja, brak dyscypliny, stwarzanie sytuacji niebezpiecznych dla siebie i innych, d\u0142u\u017csza nieusprawiedliwiona nieobecno\u015b\u0107 b\u0119d\u0105 skutkowa\u0142y przesuni\u0119ciem do s\u0142abszej grupy, usuni\u0119ciem z treningu (obozu, wyjazdu) a w przypadkach szczeg\u00f3lnie uci\u0105\u017cliwych usuni\u0119ciem dyscyplinarnym z sekcji.<\/p>\n<p>2. Rodzice\/opiekunowie zawodnik\u00f3w sekcji p\u0142ywackiej MSP AQUARIUS s\u0105 zobowi\u0105zani do informowania trener\u00f3w sekcji o planowanej nieobecno\u015bci zawodnika na treningu lub zawodach (np. z powodu choroby, przy d\u0142u\u017cszych nieobecno\u015bciach) lub ostatecznie usprawiedliwiania absencji po zaistnia\u0142ym fakcie.<\/p>\n<p><strong>V. Postanowienia ko\u0144cowe<\/strong><\/p>\n<p>1. Interpretacja niniejszego Regulaminu nale\u017cy do Zarz\u0105du MSP AQUARIUS MY\u015aLENICE.<\/p>\n<p>2. Rzeczy nie uj\u0119te w regulaminie pozostaj\u0105 w kwestii decyzyjnej Zarz\u0105du MSP AQUARIUS MY\u015aLENICE.<\/p>\n<p>3. Z\u0142o\u017cenie deklaracji cz\u0142onkowskiej i uczestnictwo zawodnika w zaj\u0119ciach treningowych oznacza akceptacje powy\u017cszego regulaminu.<\/p>\n<p style=\"text-align: left;\"><em>\u00a0<\/em><\/p>\n<\/div>\n<p style=\"text-align: center;\"><strong>REGULAMIN PROWADZONYCH ZAJ\u0118\u0106<\/strong><\/p>\n<p>1.Uczestnikami programu mog\u0105 by\u0107 dzieci szk\u00f3\u0142 podstawowych i gimnazjalnych z powiatu my\u015blenickiego&#8230;..<\/p>\n<p>2.Warunkiem uczestnictwa jest posiadanie legitymacji szkolnej ,w celach ewidencyjnych i porz\u0105dkowych<\/p>\n<p>3.Uczestnicy programu sk\u0142adaj\u0105 deklaracje uczestnictwa ,kt\u00f3ra jest zgod\u0105 na przyj\u0119cie warunk\u00f3w uczestnictwa niniejszego regulaminu i innych zasad wynikaj\u0105cych z realizacji programu<\/p>\n<p>4.Organizatorzy programu s\u0105 zobowi\u0105zani\u00a0 do ubezpieczenia uczestnik\u00f3w grupowym ubezpieczeniem sportowym<\/p>\n<p>5.Organizatorzy projektu zobowi\u0105zuj\u0105 si\u0119 do zapewnienia dost\u0119pu do obiektu \u00a0sportowego, opiek\u0119 instruktorsk\u0105 i bezpieczne prowadzenie zaj\u0119\u0107 wynikaj\u0105cych z programu<\/p>\n<p>6.Ka\u017cda grupa b\u0119dzie obj\u0119ta opiek\u0105 instruktorsk\u0105 oraz organizacyjn\u0105<\/p>\n<p>7.Dokumentacja zaj\u0119\u0107 b\u0119dzie prowadzona w formie dziennika dla ka\u017cdej grupy ,kt\u00f3ry uwzgl\u0119dni:<\/p>\n<p>-list\u0119 uczestnik\u00f3w(imi\u0119 i nazwisko dziecka)<\/p>\n<p>-frekwencje zaj\u0119\u0107<\/p>\n<p>8.Za dow\u00f3z dzieci zobowi\u0105zani s\u0105 rodzice(prawni opiekunowie)<\/p>\n<p>9.Przystapienie do zaj\u0119\u0107 z nauki p\u0142ywania i doskonalenia obliguje do zapoznania si\u0119 z regulaminem obowi\u0105zuj\u0105cym na p\u0142ywalni AQUARIUS w My\u015blenicach<\/p>\n<p>10.Uczestnicy s\u0105 zobowi\u0105zani do\u00a0 s\u0142uchania polece\u0144 instruktor\u00f3w<\/p>\n<p>11.Uczestnicy s\u0105 zobowi\u0105zani do punktualnego stawiania si\u0119 na miejscu zbi\u00f3rki<\/p>\n<p><a href=\"https:\/\/mspaquarius.pl\/wp-content\/uploads\/2013\/01\/Kwestionariusz-osobowy.doc\">kwestionariusz-osobowy<\/a><\/p>\n","protected":false},"excerpt":{"rendered":"<p>\u00a0REGULAMIN SEKCJI P\u0141YWACKIEJ: I. Cz\u0142onkostwo sekcji 1. Podstawowa umiej\u0119tno\u015b\u0107 p\u0142ywania &#8211; zaliczenie testu sprawno\u015bciowego u trenera. 2. Wype\u0142nienie i podpisanie deklaracji cz\u0142onkowskiej przez opiekun\u00f3w. 3. Posianie aktualnych bada\u0144 od lekarza sportowego. 4. O przyj\u0119ciu do MSP AQUARIUS we wszystkich grupach &hellip; <a href=\"https:\/\/mspaquarius.pl\/?page_id=2\">Czytaj dalej <span class=\"meta-nav\">&rarr;<\/span><\/a><\/p>\n","protected":false},"author":1,"featured_media":0,"parent":0,"menu_order":0,"comment_status":"closed","ping_status":"closed","template":"","meta":{"footnotes":""},"class_list":["post-2","page","type-page","status-publish","hentry"],"_links":{"self":[{"href":"https:\/\/mspaquarius.pl\/index.php?rest_route=\/wp\/v2\/pages\/2","targetHints":{"allow":["GET"]}}],"collection":[{"href":"https:\/\/mspaquarius.pl\/index.php?rest_route=\/wp\/v2\/pages"}],"about":[{"href":"https:\/\/mspaquarius.pl\/index.php?rest_route=\/wp\/v2\/types\/page"}],"author":[{"embeddable":true,"href":"https:\/\/mspaquarius.pl\/index.php?rest_route=\/wp\/v2\/users\/1"}],"replies":[{"embeddable":true,"href":"https:\/\/mspaquarius.pl\/index.php?rest_route=%2Fwp%2Fv2%2Fcomments&post=2"}],"version-history":[{"count":12,"href":"https:\/\/mspaquarius.pl\/index.php?rest_route=\/wp\/v2\/pages\/2\/revisions"}],"predecessor-version":[{"id":746,"href":"https:\/\/mspaquarius.pl\/index.php?rest_route=\/wp\/v2\/pages\/2\/revisions\/746"}],"wp:attachment":[{"href":"https:\/\/mspaquarius.pl\/index.php?rest_route=%2Fwp%2Fv2%2Fmedia&parent=2"}],"curies":[{"name":"wp","href":"https:\/\/api.w.org\/{rel}","templated":true}]}}