{"id":1582,"date":"2024-12-23T12:33:18","date_gmt":"2024-12-23T11:33:18","guid":{"rendered":"https:\/\/mspaquarius.pl\/?page_id=1582"},"modified":"2024-12-23T12:33:18","modified_gmt":"2024-12-23T11:33:18","slug":"dni-wolne-od-zajec","status":"publish","type":"page","link":"https:\/\/mspaquarius.pl\/?page_id=1582","title":{"rendered":"Dni wolne od zaj\u0119\u0107"},"content":{"rendered":"\n<p><strong>MSP AQUARIUS informuje , \u017ce w dniach 23,25,30  Grudnia 2024 i 01,06. 01.2025  dniami wolnymi od zaj\u0119\u0107<\/strong><\/p>\n","protected":false},"excerpt":{"rendered":"<p>MSP AQUARIUS informuje , \u017ce w dniach 23,25,30 Grudnia 2024 i 01,06. 01.2025 dniami wolnymi od zaj\u0119\u0107<\/p>\n","protected":false},"author":3,"featured_media":0,"parent":0,"menu_order":0,"comment_status":"closed","ping_status":"closed","template":"","meta":{"footnotes":""},"class_list":["post-1582","page","type-page","status-publish","hentry"],"_links":{"self":[{"href":"https:\/\/mspaquarius.pl\/index.php?rest_route=\/wp\/v2\/pages\/1582","targetHints":{"allow":["GET"]}}],"collection":[{"href":"https:\/\/mspaquarius.pl\/index.php?rest_route=\/wp\/v2\/pages"}],"about":[{"href":"https:\/\/mspaquarius.pl\/index.php?rest_route=\/wp\/v2\/types\/page"}],"author":[{"embeddable":true,"href":"https:\/\/mspaquarius.pl\/index.php?rest_route=\/wp\/v2\/users\/3"}],"replies":[{"embeddable":true,"href":"https:\/\/mspaquarius.pl\/index.php?rest_route=%2Fwp%2Fv2%2Fcomments&post=1582"}],"version-history":[{"count":1,"href":"https:\/\/mspaquarius.pl\/index.php?rest_route=\/wp\/v2\/pages\/1582\/revisions"}],"predecessor-version":[{"id":1583,"href":"https:\/\/mspaquarius.pl\/index.php?rest_route=\/wp\/v2\/pages\/1582\/revisions\/1583"}],"wp:attachment":[{"href":"https:\/\/mspaquarius.pl\/index.php?rest_route=%2Fwp%2Fv2%2Fmedia&parent=1582"}],"curies":[{"name":"wp","href":"https:\/\/api.w.org\/{rel}","templated":true}]}}