{"id":12,"date":"2013-12-17T22:00:15","date_gmt":"2013-12-17T21:00:15","guid":{"rendered":"https:\/\/mspaquarius.pl\/msp\/?page_id=12"},"modified":"2021-11-02T18:01:16","modified_gmt":"2021-11-02T17:01:16","slug":"kontakt","status":"publish","type":"page","link":"https:\/\/mspaquarius.pl\/?page_id=12","title":{"rendered":"Kontakt"},"content":{"rendered":"<p><strong>Zapisy \u00a0 w biurze klubu ul. Ogrodowa 19 od g. 17.00-18.00 lub telefonicznie .<br \/>\n<\/strong><\/p>\n<p style=\"text-align: center;\">Biuro czynne w poniedzia\u0142ki i \u015brody od godziny <strong>16.30-18.00<\/strong>.<\/p>\n<p style=\"text-align: center;\">Danuta Pu\u0142ka\u00a0 nr. tel. 600225873- poniedzia\u0142ek<\/p>\n<p style=\"text-align: center;\">\n<p style=\"text-align: center;\">w pozosta\u0142e dni przyj\u0119cia zg\u0142asza\u0107 pani Agnieszka Kasprzycka nr.tel.601547523<\/p>\n<p style=\"text-align: center;\">Hedviga Froszt\u0119ga nr. tel :602 112 972<\/p>\n<p style=\"text-align: center;\">mspaquarius@gmail.com<\/p>\n<p style=\"text-align: center;\">WP\u0141ATY ZA ZAJ\u0118CIA MO\u017bNA DOKONYWA\u0106 NA NR KONTA BANKOWEGO<\/p>\n<p style=\"text-align: center;\">BGZ\u00a0BNP PARIBAS<\/p>\n<p style=\"text-align: center;\">72 2030 0045 1110 0000 0306 5270<\/p>\n","protected":false},"excerpt":{"rendered":"<p>Zapisy \u00a0 w biurze klubu ul. Ogrodowa 19 od g. 17.00-18.00 lub telefonicznie . Biuro czynne w poniedzia\u0142ki i \u015brody od godziny 16.30-18.00. Danuta Pu\u0142ka\u00a0 nr. tel. 600225873- poniedzia\u0142ek w pozosta\u0142e dni przyj\u0119cia zg\u0142asza\u0107 pani Agnieszka Kasprzycka nr.tel.601547523 Hedviga Froszt\u0119ga &hellip; <a href=\"https:\/\/mspaquarius.pl\/?page_id=12\">Czytaj dalej <span class=\"meta-nav\">&rarr;<\/span><\/a><\/p>\n","protected":false},"author":1,"featured_media":0,"parent":0,"menu_order":5,"comment_status":"closed","ping_status":"closed","template":"","meta":{"footnotes":""},"class_list":["post-12","page","type-page","status-publish","hentry"],"_links":{"self":[{"href":"https:\/\/mspaquarius.pl\/index.php?rest_route=\/wp\/v2\/pages\/12","targetHints":{"allow":["GET"]}}],"collection":[{"href":"https:\/\/mspaquarius.pl\/index.php?rest_route=\/wp\/v2\/pages"}],"about":[{"href":"https:\/\/mspaquarius.pl\/index.php?rest_route=\/wp\/v2\/types\/page"}],"author":[{"embeddable":true,"href":"https:\/\/mspaquarius.pl\/index.php?rest_route=\/wp\/v2\/users\/1"}],"replies":[{"embeddable":true,"href":"https:\/\/mspaquarius.pl\/index.php?rest_route=%2Fwp%2Fv2%2Fcomments&post=12"}],"version-history":[{"count":19,"href":"https:\/\/mspaquarius.pl\/index.php?rest_route=\/wp\/v2\/pages\/12\/revisions"}],"predecessor-version":[{"id":1486,"href":"https:\/\/mspaquarius.pl\/index.php?rest_route=\/wp\/v2\/pages\/12\/revisions\/1486"}],"wp:attachment":[{"href":"https:\/\/mspaquarius.pl\/index.php?rest_route=%2Fwp%2Fv2%2Fmedia&parent=12"}],"curies":[{"name":"wp","href":"https:\/\/api.w.org\/{rel}","templated":true}]}}