{"id":10,"date":"2013-12-17T21:59:58","date_gmt":"2013-12-17T20:59:58","guid":{"rendered":"https:\/\/mspaquarius.pl\/msp\/?page_id=10"},"modified":"2016-12-27T16:53:01","modified_gmt":"2016-12-27T15:53:01","slug":"program-zajec-sportowych-dla-uczniow","status":"publish","type":"page","link":"https:\/\/mspaquarius.pl\/?page_id=10","title":{"rendered":"Program zaj\u0119\u0107 sportowych dla uczni\u00f3w"},"content":{"rendered":"<div>\n<p><em>Nazwa zadania : Nauka p\u0142ywania dla uczni\u00f3w\u00a0 I-III szko\u0142y podstawowej\u00a0 i doskonalenia nauki p\u0142ywania IV-VI szko\u0142y podstawowej oraz dla uczni\u00f3w\u00a0\u00a0 I-III gimnazjum.<\/em><\/p>\n<\/div>\n<p>Celem projektu jest rozwijanie aktywno\u015bci sportowej dzieci i m\u0142odzie\u017cy ,wdra\u017ca\u0107\u00a0 dba\u0142o\u015b\u0107 o sprawno\u015b\u0107\u00a0 fizyczn\u0105 ,zach\u0119ci\u0107\u00a0 przede wszystkim do nauki p\u0142ywania .Projekt jest przeznaczony dla 150 dzieci i m\u0142odzie\u017cy z powiatu gminy My\u015blenice, Pcim ,Str\u00f3\u017ca, Krzyszkowice ,Dobczyce ,Su\u0142kowice, Wi\u015bniowa.<\/p>\n<p>Realizacja projektu pozwoli na powszechne uczestnictwo w wydarzeniu\u00a0 sportowo-wychowawczym ,kt\u00f3re przyczyni si\u0119 do motywacji pracy nad sob\u0105, charakteru i osobowo\u015bci i wymiany warto\u015bci.<\/p>\n<p>Cykl zaj\u0119\u0107 sportowych jest prowadzony na basenie &#8222;AQUARIUS&#8221; w My\u015blenicach.<\/p>\n<p><strong>Zaj\u0119cia sportowe :<\/strong><\/p>\n<p>Program b\u0119dzie obejmowa\u0142 systematyczne zaj\u0119cia z nauki p\u0142ywania i doskonalenia dla uczni\u00f3w starszych .Zaj\u0119cia b\u0119d\u0105 przeprowadzane po lekcjach na basenie w My\u015blenicach . Ka\u017cdy z uczni\u00f3w b\u0119dzie uczestniczy\u0142 na zaj\u0119ciach w okresie wrzesie\u0144-czerwiec \u00a0dwa razy w tygodniu.<\/p>\n<p>Zaj\u0119cia b\u0119d\u0105 przeprowadzane przez instruktor\u00f3w, wykwalifikowanych pedagog\u00f3w wychowania fizycznego, opiekunowie b\u0119d\u0105 pomagali przed i po zaj\u0119ciach w suszeniu i ubieraniu dzieci\u00a0 oraz zabezpieczali transport na basen i po zaj\u0119ciach z basenu.<\/p>\n<p><strong>Program nauki p\u0142ywania b\u0119dzie obejmowa\u0142:<\/strong><\/p>\n<ul>\n<li>zapoznanie si\u0119 z zasadami bezpiecze\u0144stwa w wodzie<\/li>\n<li>wszechstronny rozw\u00f3j dzieci<\/li>\n<li>wpajanie prawid\u0142owych nawyk\u00f3w higienicznych<\/li>\n<li>oswajanie s wod\u0105<\/li>\n<li>\u0107wiczenia wyporno\u015bciowe<\/li>\n<li>nurkowanie<\/li>\n<li>nauka p\u0142ywania elementarnego<\/li>\n<li>popularyzacja p\u0142ywania-alternatywna forma sp\u0119dzania wolnego czasu<\/li>\n<\/ul>\n<p>Ilo\u015b\u0107 dzieci i m\u0142odzie\u017cy nie jest ograniczona \u00a0,kt\u00f3rym umo\u017cliwienie udzia\u0142u b\u0119dzie wi\u0105za\u0142o si\u0119 z dojazdem ,zakupem odpowiedniego ubioru i sprz\u0119tu sportowego.<\/p>\n<p>Osoby upowa\u017cnione do reprezentowania wnioskodawcy, sk\u0142adania o\u015bwiadcze\u0144 woli i zaci\u0105gania zobowi\u0105za\u0144 finansowych zgodnie\u00a0 z postanowieniem statutu.<\/p>\n<p>&nbsp;<\/p>\n","protected":false},"excerpt":{"rendered":"<p>Nazwa zadania : Nauka p\u0142ywania dla uczni\u00f3w\u00a0 I-III szko\u0142y podstawowej\u00a0 i doskonalenia nauki p\u0142ywania IV-VI szko\u0142y podstawowej oraz dla uczni\u00f3w\u00a0\u00a0 I-III gimnazjum. Celem projektu jest rozwijanie aktywno\u015bci sportowej dzieci i m\u0142odzie\u017cy ,wdra\u017ca\u0107\u00a0 dba\u0142o\u015b\u0107 o sprawno\u015b\u0107\u00a0 fizyczn\u0105 ,zach\u0119ci\u0107\u00a0 przede wszystkim do &hellip; <a href=\"https:\/\/mspaquarius.pl\/?page_id=10\">Czytaj dalej <span class=\"meta-nav\">&rarr;<\/span><\/a><\/p>\n","protected":false},"author":1,"featured_media":0,"parent":0,"menu_order":0,"comment_status":"closed","ping_status":"closed","template":"","meta":{"footnotes":""},"class_list":["post-10","page","type-page","status-publish","hentry"],"_links":{"self":[{"href":"https:\/\/mspaquarius.pl\/index.php?rest_route=\/wp\/v2\/pages\/10","targetHints":{"allow":["GET"]}}],"collection":[{"href":"https:\/\/mspaquarius.pl\/index.php?rest_route=\/wp\/v2\/pages"}],"about":[{"href":"https:\/\/mspaquarius.pl\/index.php?rest_route=\/wp\/v2\/types\/page"}],"author":[{"embeddable":true,"href":"https:\/\/mspaquarius.pl\/index.php?rest_route=\/wp\/v2\/users\/1"}],"replies":[{"embeddable":true,"href":"https:\/\/mspaquarius.pl\/index.php?rest_route=%2Fwp%2Fv2%2Fcomments&post=10"}],"version-history":[{"count":4,"href":"https:\/\/mspaquarius.pl\/index.php?rest_route=\/wp\/v2\/pages\/10\/revisions"}],"predecessor-version":[{"id":749,"href":"https:\/\/mspaquarius.pl\/index.php?rest_route=\/wp\/v2\/pages\/10\/revisions\/749"}],"wp:attachment":[{"href":"https:\/\/mspaquarius.pl\/index.php?rest_route=%2Fwp%2Fv2%2Fmedia&parent=10"}],"curies":[{"name":"wp","href":"https:\/\/api.w.org\/{rel}","templated":true}]}}